{"id":6156,"date":"2014-11-04T13:59:44","date_gmt":"2014-11-04T11:59:44","guid":{"rendered":"http:\/\/aselgrup.com\/?page_id=6156"},"modified":"2022-12-17T19:38:29","modified_gmt":"2022-12-17T16:38:29","slug":"hakkimizda-2","status":"publish","type":"page","link":"https:\/\/aselgrup.com\/?page_id=6156","title":{"rendered":"Hakk\u0131m\u0131zda"},"content":{"rendered":"<p>1998 Y\u0131l\u0131nda kurulan ana firmam\u0131z ASEL, geride b\u0131rakt\u0131\u011f\u0131 15 y\u0131l\u0131 a\u015fk\u0131n zamanda edindi\u011fi tecr\u00fcbe ve bilgi birikimi ile; T\u00fcrkiye&#8217;de ve yurtd\u0131\u015f\u0131nda elektrik elektronik sekt\u00f6r\u00fcnde pek \u00e7ok ilke imza atm\u0131\u015ft\u0131r. Kararl\u0131 yap\u0131s\u0131 ve teknolojiyi yak\u0131ndan takip etmesinin getirdi\u011fi avantajlarla m\u00fc\u015fterilerine en iyi hizmeti ve \u00fcr\u00fcnleri ula\u015ft\u0131rmay\u0131 kendine ama\u00e7 edinmi\u015ftir.<\/p>\n<p>Kurulu\u015f amac\u0131 otomasyon sistemlerinin projelendirilmesi, \u00fcr\u00fcnlerin ithalat\u0131 ve \u00e7evresel birimlerle entegrasyonu olmu\u015ftur. Zamanla ara\u015ft\u0131rmac\u0131 y\u00f6netim ve teknik kadrosu ile Audio-Video ve Scada Otomasyon Sistemleri G\u00f6r\u00fcnt\u00fc Ekipman Tasar\u0131m\u0131, projelendirilmesi ve devreye al\u0131nmas\u0131 konular\u0131\u0131nda uzmanla\u015fm\u0131\u015ft\u0131r.<\/p>\n<p>ASEL Grup&#8217;un amac\u0131 otomasyon sistemlerinde geli\u015fen teknolojiyi yak\u0131ndan takip ederek orta-uzun vadede teknoloji geli\u015ftiren bir firma halinde d\u00f6n\u00fc\u015fmektir.<\/p>\n<p>ASEL Grup siz m\u00fc\u015fterilerine daha iyi hizmet verebilmek i\u00e7in b\u00fcnyesinde olu\u015fturdu\u011fu marka ba\u011f\u0131ms\u0131z olarak \u00e7al\u0131\u015fan firmalar ile yoluna devam etmektir.<\/p>\n","protected":false},"excerpt":{"rendered":"<p>1998 Y\u0131l\u0131nda kurulan ana firmam\u0131z ASEL, geride b\u0131rakt\u0131\u011f\u0131 15 y\u0131l\u0131 a\u015fk\u0131n zamanda edindi\u011fi tecr\u00fcbe ve bilgi birikimi ile; T\u00fcrkiye&#8217;de ve yurtd\u0131\u015f\u0131nda elektrik elektronik sekt\u00f6r\u00fcnde [&hellip;]<\/p>\n","protected":false},"author":1,"featured_media":6254,"parent":0,"menu_order":0,"comment_status":"open","ping_status":"open","template":"","meta":[],"_links":{"self":[{"href":"https:\/\/aselgrup.com\/index.php?rest_route=\/wp\/v2\/pages\/6156"}],"collection":[{"href":"https:\/\/aselgrup.com\/index.php?rest_route=\/wp\/v2\/pages"}],"about":[{"href":"https:\/\/aselgrup.com\/index.php?rest_route=\/wp\/v2\/types\/page"}],"author":[{"embeddable":true,"href":"https:\/\/aselgrup.com\/index.php?rest_route=\/wp\/v2\/users\/1"}],"replies":[{"embeddable":true,"href":"https:\/\/aselgrup.com\/index.php?rest_route=%2Fwp%2Fv2%2Fcomments&post=6156"}],"version-history":[{"count":1,"href":"https:\/\/aselgrup.com\/index.php?rest_route=\/wp\/v2\/pages\/6156\/revisions"}],"predecessor-version":[{"id":6157,"href":"https:\/\/aselgrup.com\/index.php?rest_route=\/wp\/v2\/pages\/6156\/revisions\/6157"}],"wp:featuredmedia":[{"embeddable":true,"href":"https:\/\/aselgrup.com\/index.php?rest_route=\/wp\/v2\/media\/6254"}],"wp:attachment":[{"href":"https:\/\/aselgrup.com\/index.php?rest_route=%2Fwp%2Fv2%2Fmedia&parent=6156"}],"curies":[{"name":"wp","href":"https:\/\/api.w.org\/{rel}","templated":true}]}}