{"id":4311,"date":"2012-12-20T09:44:20","date_gmt":"2012-12-20T09:44:20","guid":{"rendered":"http:\/\/muffingroup.com\/dev8624\/nolee\/?page_id=4311"},"modified":"2022-12-17T19:29:10","modified_gmt":"2022-12-17T16:29:10","slug":"home","status":"publish","type":"page","link":"https:\/\/aselgrup.com\/","title":{"rendered":"Home"},"content":{"rendered":"<h4>Uzmanla\u015fm\u0131\u015f Firmalar\u0131m\u0131z<br \/>\n<img loading=\"lazy\" class=\"alignnone size-full wp-image-6234\" alt=\"dep-logo3\" src=\"http:\/\/aselgrup.com\/wp-content\/uploads\/2012\/12\/dep-logo31.jpg\" width=\"300\" height=\"190\" srcset=\"https:\/\/aselgrup.com\/wp-content\/uploads\/2012\/12\/dep-logo31.jpg 300w, https:\/\/aselgrup.com\/wp-content\/uploads\/2012\/12\/dep-logo31-230x146.jpg 230w, https:\/\/aselgrup.com\/wp-content\/uploads\/2012\/12\/dep-logo31-50x31.jpg 50w, https:\/\/aselgrup.com\/wp-content\/uploads\/2012\/12\/dep-logo31-173x110.jpg 173w\" sizes=\"(max-width: 300px) 100vw, 300px\" \/><\/h4>\n","protected":false},"excerpt":{"rendered":"<p>Uzmanla\u015fm\u0131\u015f Firmalar\u0131m\u0131z<\/p>\n","protected":false},"author":1,"featured_media":0,"parent":0,"menu_order":0,"comment_status":"open","ping_status":"open","template":"","meta":[],"_links":{"self":[{"href":"https:\/\/aselgrup.com\/index.php?rest_route=\/wp\/v2\/pages\/4311"}],"collection":[{"href":"https:\/\/aselgrup.com\/index.php?rest_route=\/wp\/v2\/pages"}],"about":[{"href":"https:\/\/aselgrup.com\/index.php?rest_route=\/wp\/v2\/types\/page"}],"author":[{"embeddable":true,"href":"https:\/\/aselgrup.com\/index.php?rest_route=\/wp\/v2\/users\/1"}],"replies":[{"embeddable":true,"href":"https:\/\/aselgrup.com\/index.php?rest_route=%2Fwp%2Fv2%2Fcomments&post=4311"}],"version-history":[{"count":19,"href":"https:\/\/aselgrup.com\/index.php?rest_route=\/wp\/v2\/pages\/4311\/revisions"}],"predecessor-version":[{"id":6244,"href":"https:\/\/aselgrup.com\/index.php?rest_route=\/wp\/v2\/pages\/4311\/revisions\/6244"}],"wp:attachment":[{"href":"https:\/\/aselgrup.com\/index.php?rest_route=%2Fwp%2Fv2%2Fmedia&parent=4311"}],"curies":[{"name":"wp","href":"https:\/\/api.w.org\/{rel}","templated":true}]}}